{"id":533,"date":"2021-12-13T11:44:57","date_gmt":"2021-12-13T10:44:57","guid":{"rendered":"http:\/\/marsis.ch.tux13.trendhosting-net.ch\/sur\/"},"modified":"2021-12-29T17:39:17","modified_gmt":"2021-12-29T16:39:17","slug":"sur","status":"publish","type":"page","link":"https:\/\/marsis.ch\/fr\/sur\/","title":{"rendered":"ABOUT"},"content":{"rendered":"\t\t<div data-elementor-type=\"wp-page\" data-elementor-id=\"533\" class=\"elementor elementor-533\" data-elementor-post-type=\"page\">\n\t\t\t\t\t\t<section class=\"elementor-section elementor-top-section elementor-element elementor-element-2fabaec elementor-section-full_width elementor-section-height-default elementor-section-height-default\" data-id=\"2fabaec\" data-element_type=\"section\" data-e-type=\"section\">\n\t\t\t\t\t\t<div class=\"elementor-container elementor-column-gap-no\">\n\t\t\t\t\t<div class=\"elementor-column elementor-col-100 elementor-top-column elementor-element elementor-element-773c972\" data-id=\"773c972\" data-element_type=\"column\" data-e-type=\"column\">\n\t\t\t<div class=\"elementor-widget-wrap elementor-element-populated\">\n\t\t\t\t\t\t<div class=\"elementor-element elementor-element-61c8a87 elementor-invisible elementor-widget elementor-widget-spacer\" data-id=\"61c8a87\" data-element_type=\"widget\" data-e-type=\"widget\" data-settings=\"{&quot;_animation&quot;:&quot;fadeInUp&quot;}\" data-widget_type=\"spacer.default\">\n\t\t\t\t<div class=\"elementor-widget-container\">\n\t\t\t\t\t\t\t<div class=\"elementor-spacer\">\n\t\t\t<div class=\"elementor-spacer-inner\"><\/div>\n\t\t<\/div>\n\t\t\t\t\t\t<\/div>\n\t\t\t\t<\/div>\n\t\t\t\t\t<\/div>\n\t\t<\/div>\n\t\t\t\t\t<\/div>\n\t\t<\/section>\n\t\t\t\t<section class=\"elementor-section elementor-top-section elementor-element elementor-element-fdebeeb elementor-section-boxed elementor-section-height-default elementor-section-height-default\" data-id=\"fdebeeb\" data-element_type=\"section\" data-e-type=\"section\">\n\t\t\t\t\t\t<div class=\"elementor-container elementor-column-gap-no\">\n\t\t\t\t\t<div class=\"elementor-column elementor-col-100 elementor-top-column elementor-element elementor-element-fc2b9f1\" data-id=\"fc2b9f1\" data-element_type=\"column\" data-e-type=\"column\">\n\t\t\t<div class=\"elementor-widget-wrap elementor-element-populated\">\n\t\t\t\t\t\t<div class=\"elementor-element elementor-element-7e440ef elementor-widget elementor-widget-heading\" data-id=\"7e440ef\" data-element_type=\"widget\" data-e-type=\"widget\" data-widget_type=\"heading.default\">\n\t\t\t\t<div class=\"elementor-widget-container\">\n\t\t\t\t\t<h4 class=\"elementor-heading-title elementor-size-default\">ABOUT<\/h4>\t\t\t\t<\/div>\n\t\t\t\t<\/div>\n\t\t\t\t<div class=\"elementor-element elementor-element-ba7fd47 elementor-widget elementor-widget-heading\" data-id=\"ba7fd47\" data-element_type=\"widget\" data-e-type=\"widget\" data-widget_type=\"heading.default\">\n\t\t\t\t<div class=\"elementor-widget-container\">\n\t\t\t\t\t<h2 class=\"elementor-heading-title elementor-size-default\">PROFESSIONELS DU MARKETING ET DE LA DISTRIBUTION<\/h2>\t\t\t\t<\/div>\n\t\t\t\t<\/div>\n\t\t\t\t<div class=\"elementor-element elementor-element-cb25d61 elementor-widget elementor-widget-text-editor\" data-id=\"cb25d61\" data-element_type=\"widget\" data-e-type=\"widget\" data-widget_type=\"text-editor.default\">\n\t\t\t\t<div class=\"elementor-widget-container\">\n\t\t\t\t\t\t\t\t\t<p>MARSIS est une entreprise suisse de marketing sp\u00e9cialis\u00e9e dans les marques ciblant un style de vie haut de gamme. L\u2019alliance forte entre marketing et distribution est \u00e0 la fois notre expertise, notre cl\u00e9 du succ\u00e8s et notre passion.<\/p>\n<p>Pour nous, <strong>le marketing<\/strong> consiste \u00e0 associer des produits avec des \u00e9motions fortes pour cr\u00e9er des marques remarquables, valoris\u00e9es et d\u00e9sirables. Une distribution efficace cr\u00e9e des processus permettant aux producteurs, distributeurs et consommateurs de localiser, comprendre et poursuivre des int\u00e9r\u00eats en commun. Une longue exp\u00e9rience dans le marketing et la distribution des marques haut de gamme fait de nous de v\u00e9ritables experts dans ce domaine.<\/p>\n<p><strong>Notre passion est la cr\u00e9ation de marques, le d\u00e9veloppement des affaires du business et la distribution. Entrepreneurs dans l&rsquo;\u00e2me, nous sommes au service de la r\u00e9ussite.<\/strong><\/p>\n\t\t\t\t\t\t\t\t<\/div>\n\t\t\t\t<\/div>\n\t\t\t\t<div class=\"elementor-element elementor-element-a681dc8 elementor-widget elementor-widget-button\" data-id=\"a681dc8\" data-element_type=\"widget\" data-e-type=\"widget\" data-widget_type=\"button.default\">\n\t\t\t\t<div class=\"elementor-widget-container\">\n\t\t\t\t\t\t\t\t\t<div class=\"elementor-button-wrapper\">\n\t\t\t\t\t<a class=\"elementor-button elementor-button-link elementor-size-sm\" href=\"https:\/\/marsis.ch\/history\/\">\n\t\t\t\t\t\t<span class=\"elementor-button-content-wrapper\">\n\t\t\t\t\t\t\t\t\t<span class=\"elementor-button-text\">\u00c0 L'HISTOIRE<\/span>\n\t\t\t\t\t<\/span>\n\t\t\t\t\t<\/a>\n\t\t\t\t<\/div>\n\t\t\t\t\t\t\t\t<\/div>\n\t\t\t\t<\/div>\n\t\t\t\t\t<\/div>\n\t\t<\/div>\n\t\t\t\t\t<\/div>\n\t\t<\/section>\n\t\t\t\t<\/div>\n\t\t","protected":false},"excerpt":{"rendered":"<p>ABOUT PROFESSIONELS DU MARKETING ET DE LA DISTRIBUTION MARSIS est une entreprise suisse de marketing sp\u00e9cialis\u00e9e dans les marques ciblant un style de vie haut de gamme. L\u2019alliance&hellip;<\/p>\n","protected":false},"author":1,"featured_media":0,"parent":0,"menu_order":0,"comment_status":"closed","ping_status":"closed","template":"elementor_header_footer","meta":{"footnotes":""},"class_list":["post-533","page","type-page","status-publish","has-post-thumbnail","hentry"],"_links":{"self":[{"href":"https:\/\/marsis.ch\/fr\/wp-json\/wp\/v2\/pages\/533","targetHints":{"allow":["GET"]}}],"collection":[{"href":"https:\/\/marsis.ch\/fr\/wp-json\/wp\/v2\/pages"}],"about":[{"href":"https:\/\/marsis.ch\/fr\/wp-json\/wp\/v2\/types\/page"}],"author":[{"embeddable":true,"href":"https:\/\/marsis.ch\/fr\/wp-json\/wp\/v2\/users\/1"}],"replies":[{"embeddable":true,"href":"https:\/\/marsis.ch\/fr\/wp-json\/wp\/v2\/comments?post=533"}],"version-history":[{"count":21,"href":"https:\/\/marsis.ch\/fr\/wp-json\/wp\/v2\/pages\/533\/revisions"}],"predecessor-version":[{"id":1039,"href":"https:\/\/marsis.ch\/fr\/wp-json\/wp\/v2\/pages\/533\/revisions\/1039"}],"wp:attachment":[{"href":"https:\/\/marsis.ch\/fr\/wp-json\/wp\/v2\/media?parent=533"}],"curies":[{"name":"wp","href":"https:\/\/api.w.org\/{rel}","templated":true}]}}