{"id":604,"date":"2021-12-20T20:50:58","date_gmt":"2021-12-20T19:50:58","guid":{"rendered":"http:\/\/marsis.ch.tux13.trendhosting-net.ch\/?page_id=604"},"modified":"2021-12-29T17:51:52","modified_gmt":"2021-12-29T16:51:52","slug":"services","status":"publish","type":"page","link":"https:\/\/marsis.ch\/fr\/services\/","title":{"rendered":"Services"},"content":{"rendered":"\t\t<div data-elementor-type=\"wp-page\" data-elementor-id=\"604\" class=\"elementor elementor-604\" data-elementor-post-type=\"page\">\n\t\t\t\t\t\t<section class=\"elementor-section elementor-top-section elementor-element elementor-element-2fabaec elementor-section-full_width elementor-section-height-default elementor-section-height-default\" data-id=\"2fabaec\" data-element_type=\"section\" data-e-type=\"section\">\n\t\t\t\t\t\t<div class=\"elementor-container elementor-column-gap-no\">\n\t\t\t\t\t<div class=\"elementor-column elementor-col-100 elementor-top-column elementor-element elementor-element-773c972\" data-id=\"773c972\" data-element_type=\"column\" data-e-type=\"column\">\n\t\t\t<div class=\"elementor-widget-wrap elementor-element-populated\">\n\t\t\t\t\t\t<div class=\"elementor-element elementor-element-61c8a87 elementor-invisible elementor-widget elementor-widget-spacer\" data-id=\"61c8a87\" data-element_type=\"widget\" data-e-type=\"widget\" data-settings=\"{&quot;_animation&quot;:&quot;fadeInUp&quot;}\" data-widget_type=\"spacer.default\">\n\t\t\t\t<div class=\"elementor-widget-container\">\n\t\t\t\t\t\t\t<div class=\"elementor-spacer\">\n\t\t\t<div class=\"elementor-spacer-inner\"><\/div>\n\t\t<\/div>\n\t\t\t\t\t\t<\/div>\n\t\t\t\t<\/div>\n\t\t\t\t\t<\/div>\n\t\t<\/div>\n\t\t\t\t\t<\/div>\n\t\t<\/section>\n\t\t\t\t<section class=\"elementor-section elementor-top-section elementor-element elementor-element-fdebeeb elementor-section-boxed elementor-section-height-default elementor-section-height-default\" data-id=\"fdebeeb\" data-element_type=\"section\" data-e-type=\"section\">\n\t\t\t\t\t\t<div class=\"elementor-container elementor-column-gap-no\">\n\t\t\t\t\t<div class=\"elementor-column elementor-col-100 elementor-top-column elementor-element elementor-element-fc2b9f1\" data-id=\"fc2b9f1\" data-element_type=\"column\" data-e-type=\"column\">\n\t\t\t<div class=\"elementor-widget-wrap elementor-element-populated\">\n\t\t\t\t\t\t<div class=\"elementor-element elementor-element-7e440ef elementor-widget elementor-widget-heading\" data-id=\"7e440ef\" data-element_type=\"widget\" data-e-type=\"widget\" data-widget_type=\"heading.default\">\n\t\t\t\t<div class=\"elementor-widget-container\">\n\t\t\t\t\t<h4 class=\"elementor-heading-title elementor-size-default\">SERVICES<\/h4>\t\t\t\t<\/div>\n\t\t\t\t<\/div>\n\t\t\t\t<div class=\"elementor-element elementor-element-ba7fd47 elementor-widget elementor-widget-heading\" data-id=\"ba7fd47\" data-element_type=\"widget\" data-e-type=\"widget\" data-widget_type=\"heading.default\">\n\t\t\t\t<div class=\"elementor-widget-container\">\n\t\t\t\t\t<h2 class=\"elementor-heading-title elementor-size-default\">WE CREATE SUCCESS FOR BRANDS<\/h2>\t\t\t\t<\/div>\n\t\t\t\t<\/div>\n\t\t\t\t<div class=\"elementor-element elementor-element-cb25d61 elementor-widget elementor-widget-text-editor\" data-id=\"cb25d61\" data-element_type=\"widget\" data-e-type=\"widget\" data-widget_type=\"text-editor.default\">\n\t\t\t\t<div class=\"elementor-widget-container\">\n\t\t\t\t\t\t\t\t\t<p><strong>Cr\u00e9ation de marque<\/strong><\/p>\n<p>En tant que professionnels du marketing, nous savons comment r\u00e9aliser des projets globaux de marketing sur notre march\u00e9 trilingue et culturellement vari\u00e9 et nous connaissons parfaitement les chemins de la communication qui m\u00e8nent au succ\u00e8s. Outre les bons canaux de distribution, nous connaissons surtout les influenceurs d\u00e9cisifs, les m\u00e9dias comp\u00e9tents et les \u00e9g\u00e9ries de marques qui correspondent parfaitement \u00e0 votre marque.<\/p>\n<p>Nous nous consid\u00e9rons comme partie int\u00e9grante de l&rsquo;entreprise productrice et de l&rsquo;ensemble de l\u2019exp\u00e9rience des clients. Notre principal but est de repr\u00e9senter les valeurs et la philosophie de la marque de fa\u00e7on sinc\u00e8re et cr\u00e9dible tout en coop\u00e9rant \u00e9troitement avec le producteur et en \u0153uvrant dans son int\u00e9r\u00eat.<\/p>\n<p><strong>D\u00e9veloppement des affaires<\/strong><\/p>\n<p>Notre cl\u00e9 du succ\u00e8s? Nous accompagnons uniquement des marques que nous utilisons personnellement et avec conviction en tant que consommatrices et dont nous pouvons soutenir les valeurs \u00e0 100%.<br \/>C&rsquo;est uniquement ce haut niveau d&rsquo;identification \u00e0 la marque qui nous permet d&rsquo;atteindre, pour le producteur, une excellente performance au niveau qualitatif et quantitatif dans toutes les phases du processus du marketing et de la distribution.<\/p>\n<p><strong>Distribution par des canaux de distribution \u00e9tablis<\/strong><\/p>\n<p>La gestion logistique int\u00e9grale, le d\u00e9lai de commercialisation, l&rsquo;efficacit\u00e9 des co\u00fbts et la commodit\u00e9 d&rsquo;achat sont les crit\u00e8res de succ\u00e8s de la distribution.<\/p>\n<p>Le commerce se d\u00e9roule ind\u00e9pendamment du temps et de l&rsquo;espace. Au magasin ou en ligne. D\u00e9sormais, les points de vente physiques, l&rsquo;e-commerce dynamique et les concepts de distribution multicanaux ne font qu&rsquo;un.<\/p>\n<p>Ce qui compte, c&rsquo;est un service de qualit\u00e9 \u00e9lev\u00e9, des prix int\u00e9ressants et une commodit\u00e9 d&rsquo;achat remarquable.<\/p>\n\t\t\t\t\t\t\t\t<\/div>\n\t\t\t\t<\/div>\n\t\t\t\t\t<\/div>\n\t\t<\/div>\n\t\t\t\t\t<\/div>\n\t\t<\/section>\n\t\t\t\t<\/div>\n\t\t","protected":false},"excerpt":{"rendered":"<p>SERVICES WE CREATE SUCCESS FOR BRANDS Cr\u00e9ation de marque En tant que professionnels du marketing, nous savons comment r\u00e9aliser des projets globaux de marketing sur notre march\u00e9 trilingue&hellip;<\/p>\n","protected":false},"author":1,"featured_media":0,"parent":0,"menu_order":0,"comment_status":"closed","ping_status":"closed","template":"elementor_header_footer","meta":{"footnotes":""},"class_list":["post-604","page","type-page","status-publish","has-post-thumbnail","hentry"],"_links":{"self":[{"href":"https:\/\/marsis.ch\/fr\/wp-json\/wp\/v2\/pages\/604","targetHints":{"allow":["GET"]}}],"collection":[{"href":"https:\/\/marsis.ch\/fr\/wp-json\/wp\/v2\/pages"}],"about":[{"href":"https:\/\/marsis.ch\/fr\/wp-json\/wp\/v2\/types\/page"}],"author":[{"embeddable":true,"href":"https:\/\/marsis.ch\/fr\/wp-json\/wp\/v2\/users\/1"}],"replies":[{"embeddable":true,"href":"https:\/\/marsis.ch\/fr\/wp-json\/wp\/v2\/comments?post=604"}],"version-history":[{"count":8,"href":"https:\/\/marsis.ch\/fr\/wp-json\/wp\/v2\/pages\/604\/revisions"}],"predecessor-version":[{"id":1061,"href":"https:\/\/marsis.ch\/fr\/wp-json\/wp\/v2\/pages\/604\/revisions\/1061"}],"wp:attachment":[{"href":"https:\/\/marsis.ch\/fr\/wp-json\/wp\/v2\/media?parent=604"}],"curies":[{"name":"wp","href":"https:\/\/api.w.org\/{rel}","templated":true}]}}