{"id":642,"date":"2021-12-20T20:54:57","date_gmt":"2021-12-20T19:54:57","guid":{"rendered":"http:\/\/marsis.ch.tux13.trendhosting-net.ch\/?page_id=642"},"modified":"2022-03-11T16:29:30","modified_gmt":"2022-03-11T15:29:30","slug":"fabrication-marques","status":"publish","type":"page","link":"https:\/\/marsis.ch\/fr\/fabrication-marques\/","title":{"rendered":"FABRICATION &amp; MARQUES"},"content":{"rendered":"\t\t<div data-elementor-type=\"wp-page\" data-elementor-id=\"642\" class=\"elementor elementor-642\" data-elementor-post-type=\"page\">\n\t\t\t\t\t\t<section class=\"elementor-section elementor-top-section elementor-element elementor-element-2fabaec elementor-section-full_width elementor-section-height-default elementor-section-height-default\" data-id=\"2fabaec\" data-element_type=\"section\" data-e-type=\"section\">\n\t\t\t\t\t\t<div class=\"elementor-container elementor-column-gap-no\">\n\t\t\t\t\t<div class=\"elementor-column elementor-col-100 elementor-top-column elementor-element elementor-element-773c972\" data-id=\"773c972\" data-element_type=\"column\" data-e-type=\"column\">\n\t\t\t<div class=\"elementor-widget-wrap elementor-element-populated\">\n\t\t\t\t\t\t<div class=\"elementor-element elementor-element-61c8a87 elementor-invisible elementor-widget elementor-widget-spacer\" data-id=\"61c8a87\" data-element_type=\"widget\" data-e-type=\"widget\" data-settings=\"{&quot;_animation&quot;:&quot;fadeInUp&quot;}\" data-widget_type=\"spacer.default\">\n\t\t\t\t<div class=\"elementor-widget-container\">\n\t\t\t\t\t\t\t<div class=\"elementor-spacer\">\n\t\t\t<div class=\"elementor-spacer-inner\"><\/div>\n\t\t<\/div>\n\t\t\t\t\t\t<\/div>\n\t\t\t\t<\/div>\n\t\t\t\t\t<\/div>\n\t\t<\/div>\n\t\t\t\t\t<\/div>\n\t\t<\/section>\n\t\t\t\t<section class=\"elementor-section elementor-top-section elementor-element elementor-element-fdebeeb elementor-section-boxed elementor-section-height-default elementor-section-height-default\" data-id=\"fdebeeb\" data-element_type=\"section\" data-e-type=\"section\">\n\t\t\t\t\t\t<div class=\"elementor-container elementor-column-gap-no\">\n\t\t\t\t\t<div class=\"elementor-column elementor-col-100 elementor-top-column elementor-element elementor-element-fc2b9f1\" data-id=\"fc2b9f1\" data-element_type=\"column\" data-e-type=\"column\">\n\t\t\t<div class=\"elementor-widget-wrap elementor-element-populated\">\n\t\t\t\t\t\t<div class=\"elementor-element elementor-element-7e440ef elementor-widget elementor-widget-heading\" data-id=\"7e440ef\" data-element_type=\"widget\" data-e-type=\"widget\" data-widget_type=\"heading.default\">\n\t\t\t\t<div class=\"elementor-widget-container\">\n\t\t\t\t\t<h4 class=\"elementor-heading-title elementor-size-default\">FABRICATION &amp; MARQUES<\/h4>\t\t\t\t<\/div>\n\t\t\t\t<\/div>\n\t\t\t\t<div class=\"elementor-element elementor-element-ba7fd47 elementor-widget elementor-widget-heading\" data-id=\"ba7fd47\" data-element_type=\"widget\" data-e-type=\"widget\" data-widget_type=\"heading.default\">\n\t\t\t\t<div class=\"elementor-widget-container\">\n\t\t\t\t\t<h2 class=\"elementor-heading-title elementor-size-default\">SUCCESS IS AN ATTITUDE<\/h2>\t\t\t\t<\/div>\n\t\t\t\t<\/div>\n\t\t\t\t<div class=\"elementor-element elementor-element-cb25d61 elementor-widget elementor-widget-text-editor\" data-id=\"cb25d61\" data-element_type=\"widget\" data-e-type=\"widget\" data-widget_type=\"text-editor.default\">\n\t\t\t\t<div class=\"elementor-widget-container\">\n\t\t\t\t\t\t\t\t\t<p><strong>Vous \u00eates le producteur d&rsquo;une marque innovatrice haut de gamme<\/strong> et tenez \u00e0 lancer et implanter avec succ\u00e8s votre marque et ses produits associ\u00e9s en Suisse ?<\/p>\n<p><strong>Nous serons heureux de vous proposer notre partenariat professionnel pour le marketing et la distribution<\/strong> disposant de canaux de distribution \u00e9tablis et de plateformes d&rsquo;e-commerce en Suisse.<\/p>\n<p><strong>Nous proposons nos services pour des marques sp\u00e9cifiques dans les domaines suivants :<\/strong><\/p>\n<ul>\n<li><strong>Cosm\u00e9tique<\/strong><\/li>\n<li><strong>Soin du corps<\/strong><\/li>\n<li><strong>Compl\u00e9ments alimentaires<\/strong><\/li>\n<li><strong>Parapharmacie<\/strong><\/li>\n<li><strong>Beaut\u00e9 &amp; Spa<\/strong><\/li>\n<li><strong>Technologie de beaut\u00e9<\/strong><\/li>\n<\/ul>\n<p>Contactez-nous pour un premier \u00e9change sans engagement. Ensuite, nous v\u00e9rifierons le potentiel de votre marque pour le march\u00e9 suisse et examinerons si nous partageons effectivement nos valeurs et nos perspectives.<\/p>\n<p><strong>Nous serons heureux de faire votre connaissance.<\/strong><\/p>\n\t\t\t\t\t\t\t\t<\/div>\n\t\t\t\t<\/div>\n\t\t\t\t<div class=\"elementor-element elementor-element-1ac1381 elementor-widget elementor-widget-button\" data-id=\"1ac1381\" data-element_type=\"widget\" data-e-type=\"widget\" data-widget_type=\"button.default\">\n\t\t\t\t<div class=\"elementor-widget-container\">\n\t\t\t\t\t\t\t\t\t<div class=\"elementor-button-wrapper\">\n\t\t\t\t\t<a class=\"elementor-button elementor-button-link elementor-size-sm\" href=\"https:\/\/marsis.ch\/fr\/#contact\">\n\t\t\t\t\t\t<span class=\"elementor-button-content-wrapper\">\n\t\t\t\t\t\t\t\t\t<span class=\"elementor-button-text\">FORMULAIRE DE CONTACT<\/span>\n\t\t\t\t\t<\/span>\n\t\t\t\t\t<\/a>\n\t\t\t\t<\/div>\n\t\t\t\t\t\t\t\t<\/div>\n\t\t\t\t<\/div>\n\t\t\t\t<div class=\"elementor-element elementor-element-3bab849 elementor-widget elementor-widget-button\" data-id=\"3bab849\" data-element_type=\"widget\" data-e-type=\"widget\" data-widget_type=\"button.default\">\n\t\t\t\t<div class=\"elementor-widget-container\">\n\t\t\t\t\t\t\t\t\t<div class=\"elementor-button-wrapper\">\n\t\t\t\t\t<a class=\"elementor-button elementor-button-link elementor-size-sm\" href=\"https:\/\/marsis.ch\/mission\/\">\n\t\t\t\t\t\t<span class=\"elementor-button-content-wrapper\">\n\t\t\t\t\t\t\t\t\t<span class=\"elementor-button-text\">\u00c0 LA MISSION<\/span>\n\t\t\t\t\t<\/span>\n\t\t\t\t\t<\/a>\n\t\t\t\t<\/div>\n\t\t\t\t\t\t\t\t<\/div>\n\t\t\t\t<\/div>\n\t\t\t\t\t<\/div>\n\t\t<\/div>\n\t\t\t\t\t<\/div>\n\t\t<\/section>\n\t\t\t\t<\/div>\n\t\t","protected":false},"excerpt":{"rendered":"<p>FABRICATION &amp; MARQUES SUCCESS IS AN ATTITUDE Vous \u00eates le producteur d&rsquo;une marque innovatrice haut de gamme et tenez \u00e0 lancer et implanter avec succ\u00e8s votre marque et&hellip;<\/p>\n","protected":false},"author":1,"featured_media":0,"parent":0,"menu_order":0,"comment_status":"closed","ping_status":"closed","template":"elementor_header_footer","meta":{"footnotes":""},"class_list":["post-642","page","type-page","status-publish","has-post-thumbnail","hentry"],"_links":{"self":[{"href":"https:\/\/marsis.ch\/fr\/wp-json\/wp\/v2\/pages\/642","targetHints":{"allow":["GET"]}}],"collection":[{"href":"https:\/\/marsis.ch\/fr\/wp-json\/wp\/v2\/pages"}],"about":[{"href":"https:\/\/marsis.ch\/fr\/wp-json\/wp\/v2\/types\/page"}],"author":[{"embeddable":true,"href":"https:\/\/marsis.ch\/fr\/wp-json\/wp\/v2\/users\/1"}],"replies":[{"embeddable":true,"href":"https:\/\/marsis.ch\/fr\/wp-json\/wp\/v2\/comments?post=642"}],"version-history":[{"count":13,"href":"https:\/\/marsis.ch\/fr\/wp-json\/wp\/v2\/pages\/642\/revisions"}],"predecessor-version":[{"id":1115,"href":"https:\/\/marsis.ch\/fr\/wp-json\/wp\/v2\/pages\/642\/revisions\/1115"}],"wp:attachment":[{"href":"https:\/\/marsis.ch\/fr\/wp-json\/wp\/v2\/media?parent=642"}],"curies":[{"name":"wp","href":"https:\/\/api.w.org\/{rel}","templated":true}]}}