{"id":697,"date":"2021-12-20T20:38:34","date_gmt":"2021-12-20T19:38:34","guid":{"rendered":"http:\/\/marsis.ch.tux13.trendhosting-net.ch\/?page_id=697"},"modified":"2021-12-29T17:43:48","modified_gmt":"2021-12-29T16:43:48","slug":"history","status":"publish","type":"page","link":"https:\/\/marsis.ch\/fr\/history\/","title":{"rendered":"History"},"content":{"rendered":"\t\t<div data-elementor-type=\"wp-page\" data-elementor-id=\"697\" class=\"elementor elementor-697\" data-elementor-post-type=\"page\">\n\t\t\t\t\t\t<section class=\"elementor-section elementor-top-section elementor-element elementor-element-2fabaec elementor-section-full_width elementor-section-height-default elementor-section-height-default\" data-id=\"2fabaec\" data-element_type=\"section\" data-e-type=\"section\">\n\t\t\t\t\t\t<div class=\"elementor-container elementor-column-gap-no\">\n\t\t\t\t\t<div class=\"elementor-column elementor-col-100 elementor-top-column elementor-element elementor-element-773c972\" data-id=\"773c972\" data-element_type=\"column\" data-e-type=\"column\">\n\t\t\t<div class=\"elementor-widget-wrap\">\n\t\t\t\t\t\t\t<\/div>\n\t\t<\/div>\n\t\t\t\t\t<\/div>\n\t\t<\/section>\n\t\t\t\t<section class=\"elementor-section elementor-top-section elementor-element elementor-element-fdebeeb elementor-section-boxed elementor-section-height-default elementor-section-height-default\" data-id=\"fdebeeb\" data-element_type=\"section\" data-e-type=\"section\">\n\t\t\t\t\t\t<div class=\"elementor-container elementor-column-gap-no\">\n\t\t\t\t\t<div class=\"elementor-column elementor-col-100 elementor-top-column elementor-element elementor-element-fc2b9f1\" data-id=\"fc2b9f1\" data-element_type=\"column\" data-e-type=\"column\">\n\t\t\t<div class=\"elementor-widget-wrap elementor-element-populated\">\n\t\t\t\t\t\t<div class=\"elementor-element elementor-element-7e440ef elementor-widget elementor-widget-heading\" data-id=\"7e440ef\" data-element_type=\"widget\" data-e-type=\"widget\" data-widget_type=\"heading.default\">\n\t\t\t\t<div class=\"elementor-widget-container\">\n\t\t\t\t\t<h4 class=\"elementor-heading-title elementor-size-default\">HISTORY<\/h4>\t\t\t\t<\/div>\n\t\t\t\t<\/div>\n\t\t\t\t<div class=\"elementor-element elementor-element-ba7fd47 elementor-widget elementor-widget-heading\" data-id=\"ba7fd47\" data-element_type=\"widget\" data-e-type=\"widget\" data-widget_type=\"heading.default\">\n\t\t\t\t<div class=\"elementor-widget-container\">\n\t\t\t\t\t<h2 class=\"elementor-heading-title elementor-size-default\">LE FUTUR A BESOIN DE RACINES<\/h2>\t\t\t\t<\/div>\n\t\t\t\t<\/div>\n\t\t\t\t<div class=\"elementor-element elementor-element-61c8a87 elementor-invisible elementor-widget elementor-widget-spacer\" data-id=\"61c8a87\" data-element_type=\"widget\" data-e-type=\"widget\" data-settings=\"{&quot;_animation&quot;:&quot;fadeInUp&quot;}\" data-widget_type=\"spacer.default\">\n\t\t\t\t<div class=\"elementor-widget-container\">\n\t\t\t\t\t\t\t<div class=\"elementor-spacer\">\n\t\t\t<div class=\"elementor-spacer-inner\"><\/div>\n\t\t<\/div>\n\t\t\t\t\t\t<\/div>\n\t\t\t\t<\/div>\n\t\t\t\t<div class=\"elementor-element elementor-element-cb25d61 elementor-widget elementor-widget-text-editor\" data-id=\"cb25d61\" data-element_type=\"widget\" data-e-type=\"widget\" data-widget_type=\"text-editor.default\">\n\t\t\t\t<div class=\"elementor-widget-container\">\n\t\t\t\t\t\t\t\t\t<p>Apr\u00e8s plusieurs d\u00e9cennies d&rsquo;exp\u00e9rience dans le marketing de diff\u00e9rentes entreprises internationales de biens de consommation, les s\u0153urs Angela &amp; Conchi Martinez se lanc\u00e8rent dans l&rsquo;entrepreneuriat \u00e0 Lucerne en l&rsquo;an 2000.<\/p>\n<p><strong>D&rsquo;une boutique \u00e0 une entreprise de distribution florissante<\/strong><\/p>\n<p>L&rsquo;histoire commen\u00e7a dans une petite boutique au centre-ville de Lucerne qui vendait, avec passion et engagement, un assortiment d&rsquo;articles de pu\u00e9riculture s\u00e9lectionn\u00e9s avec soin et diligence. Le conseil personnalis\u00e9 et l&rsquo;engagement \u00e0 l&rsquo;\u00e9gard des futurs parents furent r\u00e9compens\u00e9s par un succ\u00e8s continu qui se propagea bien au-del\u00e0 des fronti\u00e8res suisses.<\/p>\n<p>Bient\u00f4t, les s\u0153urs comprirent que le secteur de la pu\u00e9riculture \u00e9tait loin d&rsquo;avoir r\u00e9v\u00e9l\u00e9 tout son potentiel. L&rsquo;offre des distributeurs suisses n&rsquo;\u00e9tait pas assez diff\u00e9renci\u00e9e et le choix peu vari\u00e9, surtout en ce qui concernait l&rsquo;\u00e9quilibre entre fonctionnalit\u00e9, qualit\u00e9 et design.<\/p>\n<p>Voil\u00e0 ce que les s\u0153urs Martinez voulaient changer. Elles se mirent \u00e0 la recherche de produits prometteurs mais inconnus, de nouveaux designs et surtout de tendances actuelles et futures. Des voyages \u00e0 Amsterdam, Copenhague, Paris, Barcelone, Milan et New York b\u00e2tirent le fondement des futures offres qui se devaient d&rsquo;\u00eatre \u00e0 la fois satisfaisantes et enthousiasmantes.<\/p>\n<p>Pour leur boutique, elles d\u00e9velopp\u00e8rent un assortiment exclusif et unique en Suisse qui eut beaucoup de succ\u00e8s aupr\u00e8s les client(e)s.<\/p>\n<p>Le courage et l&rsquo;enthousiasme avec lesquels elles conqu\u00e9raient le march\u00e9 suisse ne passaient pas inaper\u00e7us aupr\u00e8s les grands fabricants qui furent nombreux \u00e0 les contacter pour qu&rsquo;elles se chargent de la distribution de leurs marques en Suisse. Cela fut la base d\u2019une nouvelle \u00e9tape d&rsquo;expansion d\u00e9cisive de la jeune entreprise.<\/p>\n<p><strong>MARSIS transforme des produits en leaders du march\u00e9<\/strong><\/p>\n<p>Apr\u00e8s avoir cr\u00e9\u00e9 MARSIS AG, une entreprise de marketing et de distribution, les <strong>Mar<\/strong>tinez <strong>Sis<\/strong>ters se charg\u00e8rent de la distribution de deux nouvelles marques encore peu connues, il y a respectivement 20 et 10 ans. Aujourd&rsquo;hui, ces derni\u00e8res font partie des marques de pu\u00e9riculture et lifestyle les plus renomm\u00e9es au niveau mondial. Gr\u00e2ce \u00e0 MARSIS elles sont devenues \u00e9galement des leaders incontest\u00e9s sur le march\u00e9 suisse.<\/p>\n<p>MARSIS continue \u00e0 distribuer avec grand succ\u00e8s des marques de produits pour b\u00e9b\u00e9 et compte parmi ses clients non seulement des commer\u00e7ants sp\u00e9cialis\u00e9s mais aussi des organisations de distribution renomm\u00e9es ainsi que des entreprises de vente au d\u00e9tail multicanal.<\/p>\n<p>Gr\u00e2ce \u00e0 leur grande exp\u00e9rience dans les domaines du marketing, de la distribution, de la vente au d\u00e9tail et du commerce \u00e9lectronique ainsi qu&rsquo;\u00e0 leur enthousiasme pour d\u00e9tecter des gammes de produits r\u00e9volutionnaires et uniques, les s\u0153urs Martinez se retrouvent sans cesse devant de nouvelles opportunit\u00e9s entrepreneuriales qui se r\u00e9pandent aussi sur d&rsquo;autres secteurs.<\/p>\n\t\t\t\t\t\t\t\t<\/div>\n\t\t\t\t<\/div>\n\t\t\t\t\t<\/div>\n\t\t<\/div>\n\t\t\t\t\t<\/div>\n\t\t<\/section>\n\t\t\t\t<\/div>\n\t\t","protected":false},"excerpt":{"rendered":"<p>HISTORY LE FUTUR A BESOIN DE RACINES Apr\u00e8s plusieurs d\u00e9cennies d&rsquo;exp\u00e9rience dans le marketing de diff\u00e9rentes entreprises internationales de biens de consommation, les s\u0153urs Angela &amp; Conchi Martinez&hellip;<\/p>\n","protected":false},"author":1,"featured_media":0,"parent":0,"menu_order":0,"comment_status":"closed","ping_status":"closed","template":"elementor_header_footer","meta":{"footnotes":""},"class_list":["post-697","page","type-page","status-publish","has-post-thumbnail","hentry"],"_links":{"self":[{"href":"https:\/\/marsis.ch\/fr\/wp-json\/wp\/v2\/pages\/697","targetHints":{"allow":["GET"]}}],"collection":[{"href":"https:\/\/marsis.ch\/fr\/wp-json\/wp\/v2\/pages"}],"about":[{"href":"https:\/\/marsis.ch\/fr\/wp-json\/wp\/v2\/types\/page"}],"author":[{"embeddable":true,"href":"https:\/\/marsis.ch\/fr\/wp-json\/wp\/v2\/users\/1"}],"replies":[{"embeddable":true,"href":"https:\/\/marsis.ch\/fr\/wp-json\/wp\/v2\/comments?post=697"}],"version-history":[{"count":8,"href":"https:\/\/marsis.ch\/fr\/wp-json\/wp\/v2\/pages\/697\/revisions"}],"predecessor-version":[{"id":1045,"href":"https:\/\/marsis.ch\/fr\/wp-json\/wp\/v2\/pages\/697\/revisions\/1045"}],"wp:attachment":[{"href":"https:\/\/marsis.ch\/fr\/wp-json\/wp\/v2\/media?parent=697"}],"curies":[{"name":"wp","href":"https:\/\/api.w.org\/{rel}","templated":true}]}}