{"id":747,"date":"2021-12-20T20:42:29","date_gmt":"2021-12-20T19:42:29","guid":{"rendered":"http:\/\/marsis.ch.tux13.trendhosting-net.ch\/?page_id=747"},"modified":"2022-03-11T16:37:23","modified_gmt":"2022-03-11T15:37:23","slug":"mission","status":"publish","type":"page","link":"https:\/\/marsis.ch\/fr\/mission\/","title":{"rendered":"mission"},"content":{"rendered":"\t\t<div data-elementor-type=\"wp-page\" data-elementor-id=\"747\" class=\"elementor elementor-747\" data-elementor-post-type=\"page\">\n\t\t\t\t\t\t<section class=\"elementor-section elementor-top-section elementor-element elementor-element-2fabaec elementor-section-full_width elementor-section-height-default elementor-section-height-default\" data-id=\"2fabaec\" data-element_type=\"section\" data-e-type=\"section\">\n\t\t\t\t\t\t<div class=\"elementor-container elementor-column-gap-no\">\n\t\t\t\t\t<div class=\"elementor-column elementor-col-100 elementor-top-column elementor-element elementor-element-773c972\" data-id=\"773c972\" data-element_type=\"column\" data-e-type=\"column\">\n\t\t\t<div class=\"elementor-widget-wrap elementor-element-populated\">\n\t\t\t\t\t\t<div class=\"elementor-element elementor-element-61c8a87 elementor-invisible elementor-widget elementor-widget-spacer\" data-id=\"61c8a87\" data-element_type=\"widget\" data-e-type=\"widget\" data-settings=\"{&quot;_animation&quot;:&quot;fadeInUp&quot;}\" data-widget_type=\"spacer.default\">\n\t\t\t\t<div class=\"elementor-widget-container\">\n\t\t\t\t\t\t\t<div class=\"elementor-spacer\">\n\t\t\t<div class=\"elementor-spacer-inner\"><\/div>\n\t\t<\/div>\n\t\t\t\t\t\t<\/div>\n\t\t\t\t<\/div>\n\t\t\t\t\t<\/div>\n\t\t<\/div>\n\t\t\t\t\t<\/div>\n\t\t<\/section>\n\t\t\t\t<section class=\"elementor-section elementor-top-section elementor-element elementor-element-3a9d812 elementor-section-boxed elementor-section-height-default elementor-section-height-default\" data-id=\"3a9d812\" data-element_type=\"section\" data-e-type=\"section\">\n\t\t\t\t\t\t<div class=\"elementor-container elementor-column-gap-no\">\n\t\t\t\t\t<div class=\"elementor-column elementor-col-100 elementor-top-column elementor-element elementor-element-86f039c\" data-id=\"86f039c\" data-element_type=\"column\" data-e-type=\"column\">\n\t\t\t<div class=\"elementor-widget-wrap elementor-element-populated\">\n\t\t\t\t\t\t<div class=\"elementor-element elementor-element-f66bdfb elementor-widget elementor-widget-heading\" data-id=\"f66bdfb\" data-element_type=\"widget\" data-e-type=\"widget\" data-widget_type=\"heading.default\">\n\t\t\t\t<div class=\"elementor-widget-container\">\n\t\t\t\t\t<h4 class=\"elementor-heading-title elementor-size-default\">MISSION<\/h4>\t\t\t\t<\/div>\n\t\t\t\t<\/div>\n\t\t\t\t<div class=\"elementor-element elementor-element-50d93f0 elementor-widget elementor-widget-heading\" data-id=\"50d93f0\" data-element_type=\"widget\" data-e-type=\"widget\" data-widget_type=\"heading.default\">\n\t\t\t\t<div class=\"elementor-widget-container\">\n\t\t\t\t\t<h2 class=\"elementor-heading-title elementor-size-default\">Des offres futures dans la cosm\u00e9tique et la parapharmacie<\/h2>\t\t\t\t<\/div>\n\t\t\t\t<\/div>\n\t\t\t\t<div class=\"elementor-element elementor-element-62eb8aa elementor-widget elementor-widget-text-editor\" data-id=\"62eb8aa\" data-element_type=\"widget\" data-e-type=\"widget\" data-widget_type=\"text-editor.default\">\n\t\t\t\t<div class=\"elementor-widget-container\">\n\t\t\t\t\t\t\t\t\t<p>Le futur du marketing est multimodal et hybride. La vente au d\u00e9tail propose d\u00e9sormais des offres en ligne et hors ligne. Les produits deviennent des histoires. Les \u00e9g\u00e9ries de marques deviennent des influenceurs. Les vendeuses deviennent des sp\u00e9cialistes pour les exp\u00e9riences d&rsquo;utilisateurs.<\/p><p>La cosm\u00e9tique et la parapharmacie s&rsquo;adaptent \u00e9galement au futur et deviennent un secteur avec un \u00e9norme potentiel pour certains produits de niches.<\/p><p>Le d\u00e9veloppement de ce march\u00e9 de niches repr\u00e9sente le d\u00e9fi id\u00e9al pour MARSIS et correspond \u00e9galement aux valeurs et passions des Martinez Sisters.<\/p><p>Ce nouveau chapitre dans l&rsquo;histoire \u00e0 succ\u00e8s de l&rsquo;entreprise rappelle leur ancienne carri\u00e8re dans des entreprises internationales du domaine de la cosm\u00e9tique.<\/p><p><strong>Nous conduisons les produits de cosm\u00e9tique et de parapharmacie au succ\u00e8s<\/strong><\/p><p>Notre mission consiste \u00e0 \u00e9tablir durablement et avec succ\u00e8s des produits de cosm\u00e9tique et de parapharmacie sur le march\u00e9 suisse.<\/p><p>Cela correspond-il \u00e0 l&rsquo;ambition que vous portez \u00e0 vos produits? N&rsquo;h\u00e9sitez pas \u00e0 nous contacter pour parler avec nous du potentiel et du futur de vos produits en Suisse.<\/p>\t\t\t\t\t\t\t\t<\/div>\n\t\t\t\t<\/div>\n\t\t\t\t<div class=\"elementor-element elementor-element-acc2451 elementor-widget elementor-widget-button\" data-id=\"acc2451\" data-element_type=\"widget\" data-e-type=\"widget\" data-widget_type=\"button.default\">\n\t\t\t\t<div class=\"elementor-widget-container\">\n\t\t\t\t\t\t\t\t\t<div class=\"elementor-button-wrapper\">\n\t\t\t\t\t<a class=\"elementor-button elementor-button-link elementor-size-sm\" href=\"https:\/\/marsis.ch\/fr\/#contact\">\n\t\t\t\t\t\t<span class=\"elementor-button-content-wrapper\">\n\t\t\t\t\t\t\t\t\t<span class=\"elementor-button-text\">FORMULAIRE DE CONTACT<\/span>\n\t\t\t\t\t<\/span>\n\t\t\t\t\t<\/a>\n\t\t\t\t<\/div>\n\t\t\t\t\t\t\t\t<\/div>\n\t\t\t\t<\/div>\n\t\t\t\t\t<\/div>\n\t\t<\/div>\n\t\t\t\t\t<\/div>\n\t\t<\/section>\n\t\t\t\t<\/div>\n\t\t","protected":false},"excerpt":{"rendered":"<p>MISSION Des offres futures dans la cosm\u00e9tique et la parapharmacie Le futur du marketing est multimodal et hybride. La vente au d\u00e9tail propose d\u00e9sormais des offres en ligne&hellip;<\/p>\n","protected":false},"author":1,"featured_media":0,"parent":0,"menu_order":0,"comment_status":"closed","ping_status":"closed","template":"elementor_header_footer","meta":{"footnotes":""},"class_list":["post-747","page","type-page","status-publish","has-post-thumbnail","hentry"],"_links":{"self":[{"href":"https:\/\/marsis.ch\/fr\/wp-json\/wp\/v2\/pages\/747","targetHints":{"allow":["GET"]}}],"collection":[{"href":"https:\/\/marsis.ch\/fr\/wp-json\/wp\/v2\/pages"}],"about":[{"href":"https:\/\/marsis.ch\/fr\/wp-json\/wp\/v2\/types\/page"}],"author":[{"embeddable":true,"href":"https:\/\/marsis.ch\/fr\/wp-json\/wp\/v2\/users\/1"}],"replies":[{"embeddable":true,"href":"https:\/\/marsis.ch\/fr\/wp-json\/wp\/v2\/comments?post=747"}],"version-history":[{"count":13,"href":"https:\/\/marsis.ch\/fr\/wp-json\/wp\/v2\/pages\/747\/revisions"}],"predecessor-version":[{"id":1131,"href":"https:\/\/marsis.ch\/fr\/wp-json\/wp\/v2\/pages\/747\/revisions\/1131"}],"wp:attachment":[{"href":"https:\/\/marsis.ch\/fr\/wp-json\/wp\/v2\/media?parent=747"}],"curies":[{"name":"wp","href":"https:\/\/api.w.org\/{rel}","templated":true}]}}